{"id":11446,"date":"2024-05-29T09:41:01","date_gmt":"2024-05-29T09:41:01","guid":{"rendered":"https:\/\/terraxpedition.com\/index.php\/aviso-legal-imprint\/"},"modified":"2024-06-04T11:20:21","modified_gmt":"2024-06-04T11:20:21","slug":"aviso-legal-imprint","status":"publish","type":"page","link":"https:\/\/terraxpedition.com\/en\/aviso-legal-imprint\/","title":{"rendered":"Legal Notice"},"content":{"rendered":"<!-- Legal document generated by Complianz | GDPR\/CCPA Cookie Consent https:\/\/wordpress.org\/plugins\/complianz-gdpr -->\n<div id=\"cmplz-document\" class=\"cmplz-document impressum cmplz-document-all\"><p><i>This imprint was last updated on June 12, 2024.<\/i><\/p><p class=\"cmplz-subtitle\">The owner of this website is:<\/p><p>TerraXpedition S.L. S.L<br>Partida Lomas del Polo 6, Local<br \/>\n03140 Guardamar del Segura,<br \/>\nAlicante<br>Spain<br>Email:&nbsp;info&#064;&#116;e&#114;r&#097;&#120;pe&#100;i&#116;i&#111;&#110;&#046;&#101;s<br>Phone number: +34 611 87 79 99<br><\/p><h2>1. General<\/h2><p>You can access these rules and regulations here:<br \/>https:\/\/terraxpedition.com\/normas\/<\/p><p>We are not willing or obliged to participate in dispute resolution procedures before a consumer arbitration board.<\/p><h2>2. Additional information<\/h2><p>El c\u00f3digo fuente, los dise\u00f1os gr\u00e1ficos, fotos, software, los textos, as\u00ed como la informaci\u00f3n y los contenidos que se recogen en la web est\u00e1n protegidos por la legislaci\u00f3n espa\u00f1ola sobre los derechos de propiedad intelectual e industrial y no se permite la reproducci\u00f3n y\/o publicaci\u00f3n, ni total o parcial, del sitio web, ni su tratamiento inform\u00e1tico, distribuci\u00f3n, difusi\u00f3n, modificaci\u00f3n, transformaci\u00f3n o descompilaci\u00f3n, ni todos los dem\u00e1s derechos reconocidos legalmente a su titular, sin el permiso previo y por escrito.<br \/>\n<br \/>\nEl nombre TerraXpedition as\u00ed como su logotipo son marcas registradas. Las marcas y modelos de los productos son propiedad de sus respectivos fabricantes y en el caso de que alguno no quisiera aparecer en los contenidos podr\u00e1 solicitarlo por escrito en la direcci\u00f3n indicada en el primer apartado. As\u00ed mismo cualquier empresa que aparezca en los contenidos puede solicitar su exclusi\u00f3n.<br \/>\n<br \/>\nEl usuario, \u00fanica y exclusivamente, puede utilizar el material que aparezca en este sitio web para su uso personal y privado, quedando prohibido su uso con fines comerciales o para incurrir en actividades il\u00edcitas. Todos los derechos derivados de la propiedad intelectual est\u00e1n reservados expresamente.<br \/>\n<br \/>\nSe podr\u00e1 modificar, sin previo aviso, la informaci\u00f3n contenida en su sitio web, as\u00ed como su configuraci\u00f3n y presentaci\u00f3n:<br \/>\n&#8211; TerraXpedition no se hace responsable del incumplimiento de cualquier norma aplicable en que pueda incurrir el usuario en su acceso al sitio web y\/o en el uso de las informaciones contenidas en el mismo.<br \/>\n&#8211; TerraXpedition no ser\u00e1 responsable de los da\u00f1os y perjuicios producidos o que puedan producirse, cualquiera que sea su naturaleza, que se deriven del uso de la informaci\u00f3n, de las materias contenidas en este web site y de los programas que incorpora.<\/p><\/div>","protected":false},"excerpt":{"rendered":"","protected":false},"author":1,"featured_media":0,"parent":0,"menu_order":0,"comment_status":"closed","ping_status":"closed","template":"","meta":{"inline_featured_image":false,"footnotes":""},"class_list":["post-11446","page","type-page","status-publish","hentry"],"_links":{"self":[{"href":"https:\/\/terraxpedition.com\/en\/wp-json\/wp\/v2\/pages\/11446","targetHints":{"allow":["GET"]}}],"collection":[{"href":"https:\/\/terraxpedition.com\/en\/wp-json\/wp\/v2\/pages"}],"about":[{"href":"https:\/\/terraxpedition.com\/en\/wp-json\/wp\/v2\/types\/page"}],"author":[{"embeddable":true,"href":"https:\/\/terraxpedition.com\/en\/wp-json\/wp\/v2\/users\/1"}],"replies":[{"embeddable":true,"href":"https:\/\/terraxpedition.com\/en\/wp-json\/wp\/v2\/comments?post=11446"}],"version-history":[{"count":4,"href":"https:\/\/terraxpedition.com\/en\/wp-json\/wp\/v2\/pages\/11446\/revisions"}],"predecessor-version":[{"id":11726,"href":"https:\/\/terraxpedition.com\/en\/wp-json\/wp\/v2\/pages\/11446\/revisions\/11726"}],"wp:attachment":[{"href":"https:\/\/terraxpedition.com\/en\/wp-json\/wp\/v2\/media?parent=11446"}],"curies":[{"name":"wp","href":"https:\/\/api.w.org\/{rel}","templated":true}]}}